{"id":159,"date":"2025-08-22T08:02:51","date_gmt":"2025-08-22T08:02:51","guid":{"rendered":"https:\/\/bailly.press\/?page_id=159"},"modified":"2025-08-24T13:57:41","modified_gmt":"2025-08-24T17:57:41","slug":"societe","status":"publish","type":"page","link":"https:\/\/bailly.press\/?page_id=159","title":{"rendered":"Soci\u00e9t\u00e9"},"content":{"rendered":"<p><strong>Soci\u00e9t\u00e9<\/strong><\/p>\n<p>S\u00e9curit\u00e9<\/p>\n<p><strong>D\u00e9fenseur<\/strong><\/p>\n<p>Cit\u00e9<\/p>\n<div id=\"attachment_185\" style=\"width: 335px\" class=\"wp-caption aligncenter\"><img loading=\"lazy\" decoding=\"async\" aria-describedby=\"caption-attachment-185\" class=\"wp-image-185 size-full\" src=\"https:\/\/bailly.press\/wp-content\/uploads\/2025\/08\/jp-bailly-defenseur.jpg\" alt=\"\" width=\"325\" height=\"325\" srcset=\"https:\/\/bailly.press\/wp-content\/uploads\/2025\/08\/jp-bailly-defenseur.jpg 325w, https:\/\/bailly.press\/wp-content\/uploads\/2025\/08\/jp-bailly-defenseur-300x300.jpg 300w, https:\/\/bailly.press\/wp-content\/uploads\/2025\/08\/jp-bailly-defenseur-150x150.jpg 150w\" sizes=\"auto, (max-width: 325px) 100vw, 325px\" \/><p id=\"caption-attachment-185\" class=\"wp-caption-text\">socialiser<\/p><\/div>\n<p>Voisinage<\/p>\n<p>Coop\u00e9ration<\/p>\n<p>Transport<\/p>\n","protected":false},"excerpt":{"rendered":"<p>Soci\u00e9t\u00e9 S\u00e9curit\u00e9 D\u00e9fenseur Cit\u00e9 Voisinage Coop\u00e9ration Transport<\/p>\n","protected":false},"author":1,"featured_media":184,"parent":0,"menu_order":0,"comment_status":"closed","ping_status":"closed","template":"","meta":{"footnotes":""},"class_list":["post-159","page","type-page","status-publish","has-post-thumbnail","hentry"],"_links":{"self":[{"href":"https:\/\/bailly.press\/index.php?rest_route=\/wp\/v2\/pages\/159","targetHints":{"allow":["GET"]}}],"collection":[{"href":"https:\/\/bailly.press\/index.php?rest_route=\/wp\/v2\/pages"}],"about":[{"href":"https:\/\/bailly.press\/index.php?rest_route=\/wp\/v2\/types\/page"}],"author":[{"embeddable":true,"href":"https:\/\/bailly.press\/index.php?rest_route=\/wp\/v2\/users\/1"}],"replies":[{"embeddable":true,"href":"https:\/\/bailly.press\/index.php?rest_route=%2Fwp%2Fv2%2Fcomments&post=159"}],"version-history":[{"count":3,"href":"https:\/\/bailly.press\/index.php?rest_route=\/wp\/v2\/pages\/159\/revisions"}],"predecessor-version":[{"id":200,"href":"https:\/\/bailly.press\/index.php?rest_route=\/wp\/v2\/pages\/159\/revisions\/200"}],"wp:featuredmedia":[{"embeddable":true,"href":"https:\/\/bailly.press\/index.php?rest_route=\/wp\/v2\/media\/184"}],"wp:attachment":[{"href":"https:\/\/bailly.press\/index.php?rest_route=%2Fwp%2Fv2%2Fmedia&parent=159"}],"curies":[{"name":"wp","href":"https:\/\/api.w.org\/{rel}","templated":true}]}}