{"id":214,"date":"2025-08-31T07:53:53","date_gmt":"2025-08-31T11:53:53","guid":{"rendered":"https:\/\/bailly.press\/?page_id=214"},"modified":"2025-08-31T07:53:53","modified_gmt":"2025-08-31T11:53:53","slug":"culturel","status":"publish","type":"page","link":"https:\/\/bailly.press\/?page_id=214","title":{"rendered":"Culturel"},"content":{"rendered":"<p style=\"text-align: left;\"><strong><span style=\"color: #000000;\">CULTUREL<\/span><\/strong><\/p>\n<ul>\n<li style=\"text-align: left;\"><span style=\"color: #000000;\">Arts<\/span><\/li>\n<li>Cin\u00e9ma<\/li>\n<li>Culture<\/li>\n<li>Litt\u00e9ratures\n<ul>\n<li>Kreyol<\/li>\n<li>Francais<\/li>\n<\/ul>\n<\/li>\n<li>Th\u00e9\u00e2tre<\/li>\n<\/ul>\n","protected":false},"excerpt":{"rendered":"<p>CULTUREL Arts Cin\u00e9ma Culture Litt\u00e9ratures Kreyol Francais Th\u00e9\u00e2tre<\/p>\n","protected":false},"author":1,"featured_media":182,"parent":0,"menu_order":0,"comment_status":"closed","ping_status":"closed","template":"","meta":{"footnotes":""},"class_list":["post-214","page","type-page","status-publish","has-post-thumbnail","hentry"],"_links":{"self":[{"href":"https:\/\/bailly.press\/index.php?rest_route=\/wp\/v2\/pages\/214","targetHints":{"allow":["GET"]}}],"collection":[{"href":"https:\/\/bailly.press\/index.php?rest_route=\/wp\/v2\/pages"}],"about":[{"href":"https:\/\/bailly.press\/index.php?rest_route=\/wp\/v2\/types\/page"}],"author":[{"embeddable":true,"href":"https:\/\/bailly.press\/index.php?rest_route=\/wp\/v2\/users\/1"}],"replies":[{"embeddable":true,"href":"https:\/\/bailly.press\/index.php?rest_route=%2Fwp%2Fv2%2Fcomments&post=214"}],"version-history":[{"count":1,"href":"https:\/\/bailly.press\/index.php?rest_route=\/wp\/v2\/pages\/214\/revisions"}],"predecessor-version":[{"id":217,"href":"https:\/\/bailly.press\/index.php?rest_route=\/wp\/v2\/pages\/214\/revisions\/217"}],"wp:featuredmedia":[{"embeddable":true,"href":"https:\/\/bailly.press\/index.php?rest_route=\/wp\/v2\/media\/182"}],"wp:attachment":[{"href":"https:\/\/bailly.press\/index.php?rest_route=%2Fwp%2Fv2%2Fmedia&parent=214"}],"curies":[{"name":"wp","href":"https:\/\/api.w.org\/{rel}","templated":true}]}}